{"id":3754,"date":"2019-12-16T22:48:28","date_gmt":"2019-12-16T21:48:28","guid":{"rendered":"https:\/\/trmtx.com\/?page_id=3754"},"modified":"2019-12-23T15:55:24","modified_gmt":"2019-12-23T14:55:24","slug":"qui-sommes-nous","status":"publish","type":"page","link":"https:\/\/trmtx.com\/index.php\/qui-sommes-nous\/","title":{"rendered":"Qui sommes-nous?"},"content":{"rendered":"<p>&nbsp;<\/p>\n<p>TRMTX est un site web d\u00e9di\u00e9 \u00e0 la musique urbaine gabonaise cr\u00e9e en 2009 par Didier Ndoutoume Ndong alias Dafreshman, animateur gabonais sp\u00e9cialis\u00e9 dans la culture urbaine.<\/p>\n<p>10 ans plus tard, TRMTX continue son bout de chemin en respectant les m\u00eame valeurs et en essayant de contribuer au maximum pour le d\u00e9veloppement de la culture urbaine au Gabon.<\/p>\n<p>Notre \u00e9quipe est compos\u00e9e d&rsquo;une dizaine de jeunes passionn\u00e9es qui se participent au quotidien \u00e0 la vie de TRMTX qui sont : Jna, Dafresh, Mostley, Mooky Mook, Dj Pharaon, Haff Le boss, Morgan Barress, Falonne, Sandrine et Aporo.<\/p>\n<p><a href=\"https:\/\/trmtx.com\/wp-content\/uploads\/2019\/12\/logosite.png\"><img loading=\"lazy\" decoding=\"async\" class=\"size-medium wp-image-3821 aligncenter\" src=\"https:\/\/trmtx.com\/wp-content\/uploads\/2019\/12\/logosite-300x111.png\" alt=\"\" width=\"300\" height=\"111\" \/><\/a><\/p>\n","protected":false},"excerpt":{"rendered":"<p>&nbsp; TRMTX est un site web d\u00e9di\u00e9 \u00e0 la musique urbaine gabonaise cr\u00e9e en 2009 par Didier Ndoutoume Ndong alias Dafreshman, animateur gabonais sp\u00e9cialis\u00e9 dans la culture urbaine. 10 ans plus tard, TRMTX continue son bout de chemin en respectant les m\u00eame valeurs et en essayant de contribuer au maximum pour le d\u00e9veloppement de la [&hellip;]<\/p>\n","protected":false},"author":1,"featured_media":3821,"parent":0,"menu_order":0,"comment_status":"closed","ping_status":"closed","template":"","meta":{"_exactmetrics_skip_tracking":false,"_exactmetrics_sitenote_active":false,"_exactmetrics_sitenote_note":"","_exactmetrics_sitenote_category":0,"footnotes":""},"class_list":["post-3754","page","type-page","status-publish","has-post-thumbnail","hentry"],"_hostinger_reach_plugin_has_subscription_block":false,"_hostinger_reach_plugin_is_elementor":false,"_links":{"self":[{"href":"https:\/\/trmtx.com\/index.php\/wp-json\/wp\/v2\/pages\/3754","targetHints":{"allow":["GET"]}}],"collection":[{"href":"https:\/\/trmtx.com\/index.php\/wp-json\/wp\/v2\/pages"}],"about":[{"href":"https:\/\/trmtx.com\/index.php\/wp-json\/wp\/v2\/types\/page"}],"author":[{"embeddable":true,"href":"https:\/\/trmtx.com\/index.php\/wp-json\/wp\/v2\/users\/1"}],"replies":[{"embeddable":true,"href":"https:\/\/trmtx.com\/index.php\/wp-json\/wp\/v2\/comments?post=3754"}],"version-history":[{"count":3,"href":"https:\/\/trmtx.com\/index.php\/wp-json\/wp\/v2\/pages\/3754\/revisions"}],"predecessor-version":[{"id":3822,"href":"https:\/\/trmtx.com\/index.php\/wp-json\/wp\/v2\/pages\/3754\/revisions\/3822"}],"wp:featuredmedia":[{"embeddable":true,"href":"https:\/\/trmtx.com\/index.php\/wp-json\/wp\/v2\/media\/3821"}],"wp:attachment":[{"href":"https:\/\/trmtx.com\/index.php\/wp-json\/wp\/v2\/media?parent=3754"}],"curies":[{"name":"wp","href":"https:\/\/api.w.org\/{rel}","templated":true}]}}