{"id":3703,"date":"2019-12-16T15:09:41","date_gmt":"2019-12-16T14:09:41","guid":{"rendered":"https:\/\/trmtx.com\/?page_id=3703"},"modified":"2020-01-19T22:11:23","modified_gmt":"2020-01-19T21:11:23","slug":"soumettre-votre-sonvideo","status":"publish","type":"page","link":"https:\/\/trmtx.com\/index.php\/soumettre-votre-sonvideo\/","title":{"rendered":"Soumettre votre son\/vid\u00e9o"},"content":{"rendered":"<p style=\"text-align: justify;\"><a href=\"https:\/\/trmtx.typeform.com\/to\/is71Il\"><img loading=\"lazy\" decoding=\"async\" class=\"alignnone wp-image-3815\" src=\"https:\/\/trmtx.com\/wp-content\/uploads\/2019\/12\/head-phones-300x200.jpeg\" alt=\"\" width=\"822\" height=\"548\" srcset=\"https:\/\/trmtx.com\/wp-content\/uploads\/2019\/12\/head-phones-300x200.jpeg 300w, https:\/\/trmtx.com\/wp-content\/uploads\/2019\/12\/head-phones-768x513.jpeg 768w, https:\/\/trmtx.com\/wp-content\/uploads\/2019\/12\/head-phones-1024x684.jpeg 1024w\" sizes=\"auto, (max-width: 822px) 100vw, 822px\" \/><\/a>Dans le but d&rsquo;am\u00e9liorer la qualit\u00e9 de nos contenus, nous avons d\u00e9cid\u00e9 de donner la possibilit\u00e9 \u00e0 tous les artistes urbains made in Gabon de nous proposer leurs \u0153uvres (son\/clip) afin de les soumettre \u00e0 notre commit\u00e9 d&rsquo;\u00e9coute qui se chargera de s\u00e9lectionner les oeuvres de bonne qualit\u00e9 pour diffusion sur\u00a0 notre site web et sur l&rsquo;\u00e9mission TRMTX diffus\u00e9e sur URBAN FM 104.5 Fm.<\/p>\n<p style=\"text-align: center;\"><a href=\"https:\/\/trmtx.typeform.com\/to\/is71Il\" target=\"blank\"><strong>CLIQUEZ ICI POUR SOUMETTRE VOTRE SON ou CLIP<\/strong><\/a><\/p>\n<p style=\"text-align: left;\">Bonne chance!<\/p>\n","protected":false},"excerpt":{"rendered":"<p>Dans le but d&rsquo;am\u00e9liorer la qualit\u00e9 de nos contenus, nous avons d\u00e9cid\u00e9 de donner la possibilit\u00e9 \u00e0 tous les artistes urbains made in Gabon de nous proposer leurs \u0153uvres (son\/clip) afin de les soumettre \u00e0 notre commit\u00e9 d&rsquo;\u00e9coute qui se chargera de s\u00e9lectionner les oeuvres de bonne qualit\u00e9 pour diffusion sur\u00a0 notre site web et [&hellip;]<\/p>\n","protected":false},"author":1,"featured_media":3815,"parent":0,"menu_order":0,"comment_status":"closed","ping_status":"closed","template":"","meta":{"_exactmetrics_skip_tracking":false,"_exactmetrics_sitenote_active":false,"_exactmetrics_sitenote_note":"","_exactmetrics_sitenote_category":0,"footnotes":""},"class_list":["post-3703","page","type-page","status-publish","has-post-thumbnail","hentry"],"_hostinger_reach_plugin_has_subscription_block":false,"_hostinger_reach_plugin_is_elementor":false,"_links":{"self":[{"href":"https:\/\/trmtx.com\/index.php\/wp-json\/wp\/v2\/pages\/3703","targetHints":{"allow":["GET"]}}],"collection":[{"href":"https:\/\/trmtx.com\/index.php\/wp-json\/wp\/v2\/pages"}],"about":[{"href":"https:\/\/trmtx.com\/index.php\/wp-json\/wp\/v2\/types\/page"}],"author":[{"embeddable":true,"href":"https:\/\/trmtx.com\/index.php\/wp-json\/wp\/v2\/users\/1"}],"replies":[{"embeddable":true,"href":"https:\/\/trmtx.com\/index.php\/wp-json\/wp\/v2\/comments?post=3703"}],"version-history":[{"count":11,"href":"https:\/\/trmtx.com\/index.php\/wp-json\/wp\/v2\/pages\/3703\/revisions"}],"predecessor-version":[{"id":3941,"href":"https:\/\/trmtx.com\/index.php\/wp-json\/wp\/v2\/pages\/3703\/revisions\/3941"}],"wp:featuredmedia":[{"embeddable":true,"href":"https:\/\/trmtx.com\/index.php\/wp-json\/wp\/v2\/media\/3815"}],"wp:attachment":[{"href":"https:\/\/trmtx.com\/index.php\/wp-json\/wp\/v2\/media?parent=3703"}],"curies":[{"name":"wp","href":"https:\/\/api.w.org\/{rel}","templated":true}]}}