{"id":23,"date":"2015-12-28T15:25:16","date_gmt":"2015-12-28T14:25:16","guid":{"rendered":"http:\/\/localhost\/tromatix\/?page_id=23"},"modified":"2019-12-23T16:19:24","modified_gmt":"2019-12-23T15:19:24","slug":"contact","status":"publish","type":"page","link":"https:\/\/trmtx.com\/index.php\/contact\/","title":{"rendered":"Contact"},"content":{"rendered":"<p><img loading=\"lazy\" decoding=\"async\" class=\"alignnone wp-image-3826 size-full\" src=\"https:\/\/trmtx.com\/wp-content\/uploads\/2015\/12\/contact-1.png\" alt=\"\" width=\"1640\" height=\"1080\" srcset=\"https:\/\/trmtx.com\/wp-content\/uploads\/2015\/12\/contact-1.png 1640w, https:\/\/trmtx.com\/wp-content\/uploads\/2015\/12\/contact-1-300x198.png 300w, https:\/\/trmtx.com\/wp-content\/uploads\/2015\/12\/contact-1-768x506.png 768w, https:\/\/trmtx.com\/wp-content\/uploads\/2015\/12\/contact-1-1024x674.png 1024w\" sizes=\"auto, (max-width: 1640px) 100vw, 1640px\" \/><\/p>\n<p>Bienvenu sur notre page de Contacts.<br \/>\nNous vous invitons \u00e0 choisir le contact qui correspond \u00e0 votre besoin.<\/p>\n<p>&nbsp;<\/p>\n<p><strong>La R\u00e9daction<\/strong><br \/>\nEmail: tromatix(at)gmail.com<\/p>\n<p><strong>Publicit\u00e9<\/strong><br \/>\nEmail: thinkpubgabon(at)gmail.com<\/p>\n<p>&nbsp;<\/p>\n<p>Pri\u00e8re de remplacer (at) par @<\/p>\n<p>&nbsp;<\/p>\n","protected":false},"excerpt":{"rendered":"<p>Bienvenu sur notre page de Contacts. Nous vous invitons \u00e0 choisir le contact qui correspond \u00e0 votre besoin. &nbsp; La R\u00e9daction Email: tromatix(at)gmail.com Publicit\u00e9 Email: thinkpubgabon(at)gmail.com &nbsp; Pri\u00e8re de remplacer (at) par @ &nbsp;<\/p>\n","protected":false},"author":1,"featured_media":3824,"parent":0,"menu_order":0,"comment_status":"open","ping_status":"open","template":"","meta":{"_exactmetrics_skip_tracking":false,"_exactmetrics_sitenote_active":false,"_exactmetrics_sitenote_note":"","_exactmetrics_sitenote_category":0,"footnotes":""},"class_list":["post-23","page","type-page","status-publish","has-post-thumbnail","hentry"],"_hostinger_reach_plugin_has_subscription_block":false,"_hostinger_reach_plugin_is_elementor":false,"_links":{"self":[{"href":"https:\/\/trmtx.com\/index.php\/wp-json\/wp\/v2\/pages\/23","targetHints":{"allow":["GET"]}}],"collection":[{"href":"https:\/\/trmtx.com\/index.php\/wp-json\/wp\/v2\/pages"}],"about":[{"href":"https:\/\/trmtx.com\/index.php\/wp-json\/wp\/v2\/types\/page"}],"author":[{"embeddable":true,"href":"https:\/\/trmtx.com\/index.php\/wp-json\/wp\/v2\/users\/1"}],"replies":[{"embeddable":true,"href":"https:\/\/trmtx.com\/index.php\/wp-json\/wp\/v2\/comments?post=23"}],"version-history":[{"count":6,"href":"https:\/\/trmtx.com\/index.php\/wp-json\/wp\/v2\/pages\/23\/revisions"}],"predecessor-version":[{"id":3829,"href":"https:\/\/trmtx.com\/index.php\/wp-json\/wp\/v2\/pages\/23\/revisions\/3829"}],"wp:featuredmedia":[{"embeddable":true,"href":"https:\/\/trmtx.com\/index.php\/wp-json\/wp\/v2\/media\/3824"}],"wp:attachment":[{"href":"https:\/\/trmtx.com\/index.php\/wp-json\/wp\/v2\/media?parent=23"}],"curies":[{"name":"wp","href":"https:\/\/api.w.org\/{rel}","templated":true}]}}